{"id":1944,"date":"2025-11-12T19:32:36","date_gmt":"2025-11-12T19:32:36","guid":{"rendered":"https:\/\/slubstasiak.pl\/?page_id=1944"},"modified":"2025-12-24T11:24:31","modified_gmt":"2025-12-24T11:24:31","slug":"kinga-i-sebastian","status":"publish","type":"page","link":"https:\/\/slubstasiak.pl\/","title":{"rendered":"Zdj\u0119cia ze \u015blubu Kingi i Sebastiana"},"content":{"rendered":"","protected":true},"excerpt":{"rendered":"","protected":true},"author":1,"featured_media":214,"parent":0,"menu_order":0,"comment_status":"closed","ping_status":"closed","template":"elementor_canvas","meta":{"footnotes":""},"class_list":["post-1944","page","type-page","status-publish","post-password-required","hentry"],"yoast_head":"<!-- This site is optimized with the Yoast SEO plugin v26.3 - https:\/\/yoast.com\/wordpress\/plugins\/seo\/ -->\n<title>Zdj\u0119cia ze \u015blubu Kingi i Sebastiana - \u015alub Kingi i Sebastiana<\/title>\n<meta name=\"robots\" content=\"index, follow, max-snippet:-1, max-image-preview:large, max-video-preview:-1\" \/>\n<link rel=\"canonical\" href=\"https:\/\/slubstasiak.pl\/\" \/>\n<meta property=\"og:locale\" content=\"pl_PL\" \/>\n<meta property=\"og:type\" content=\"article\" \/>\n<meta property=\"og:title\" content=\"Zdj\u0119cia ze \u015blubu Kingi i Sebastiana - \u015alub Kingi i Sebastiana\" \/>\n<meta property=\"og:description\" content=\"Brak zajawki, poniewa\u017c wpis jest zabezpieczony has\u0142em.\" \/>\n<meta property=\"og:url\" content=\"https:\/\/slubstasiak.pl\/\" \/>\n<meta property=\"og:site_name\" content=\"\u015alub Kingi i Sebastiana\" \/>\n<meta property=\"article:modified_time\" content=\"2025-12-24T11:24:31+00:00\" \/>\n<meta name=\"twitter:card\" content=\"summary_large_image\" \/>\n<script type=\"application\/ld+json\" class=\"yoast-schema-graph\">{\"@context\":\"https:\/\/schema.org\",\"@graph\":[{\"@type\":\"WebPage\",\"@id\":\"https:\/\/slubstasiak.pl\/\",\"url\":\"https:\/\/slubstasiak.pl\/\",\"name\":\"Zdj\u0119cia ze \u015blubu Kingi i Sebastiana - \u015alub Kingi i Sebastiana\",\"isPartOf\":{\"@id\":\"https:\/\/slubstasiak.pl\/#website\"},\"datePublished\":\"2025-11-12T19:32:36+00:00\",\"dateModified\":\"2025-12-24T11:24:31+00:00\",\"breadcrumb\":{\"@id\":\"https:\/\/slubstasiak.pl\/#breadcrumb\"},\"inLanguage\":\"pl-PL\"},{\"@type\":\"WebSite\",\"@id\":\"https:\/\/slubstasiak.pl\/#website\",\"url\":\"https:\/\/slubstasiak.pl\/\",\"name\":\"\u015alub Kingi i Sebastiana\",\"description\":\"\",\"potentialAction\":[{\"@type\":\"SearchAction\",\"target\":{\"@type\":\"EntryPoint\",\"urlTemplate\":\"https:\/\/slubstasiak.pl\/?s={search_term_string}\"},\"query-input\":{\"@type\":\"PropertyValueSpecification\",\"valueRequired\":true,\"valueName\":\"search_term_string\"}}],\"inLanguage\":\"pl-PL\"}]}<\/script>\n<!-- \/ Yoast SEO plugin. -->","yoast_head_json":{"title":"Zdj\u0119cia ze \u015blubu Kingi i Sebastiana - \u015alub Kingi i Sebastiana","robots":{"index":"index","follow":"follow","max-snippet":"max-snippet:-1","max-image-preview":"max-image-preview:large","max-video-preview":"max-video-preview:-1"},"canonical":"https:\/\/slubstasiak.pl\/","og_locale":"pl_PL","og_type":"article","og_title":"Zdj\u0119cia ze \u015blubu Kingi i Sebastiana - \u015alub Kingi i Sebastiana","og_description":"Brak zajawki, poniewa\u017c wpis jest zabezpieczony has\u0142em.","og_url":"https:\/\/slubstasiak.pl\/","og_site_name":"\u015alub Kingi i Sebastiana","article_modified_time":"2025-12-24T11:24:31+00:00","twitter_card":"summary_large_image","schema":{"@context":"https:\/\/schema.org","@graph":[{"@type":"WebPage","@id":"https:\/\/slubstasiak.pl\/","url":"https:\/\/slubstasiak.pl\/","name":"Zdj\u0119cia ze \u015blubu Kingi i Sebastiana - \u015alub Kingi i Sebastiana","isPartOf":{"@id":"https:\/\/slubstasiak.pl\/#website"},"datePublished":"2025-11-12T19:32:36+00:00","dateModified":"2025-12-24T11:24:31+00:00","breadcrumb":{"@id":"https:\/\/slubstasiak.pl\/#breadcrumb"},"inLanguage":"pl-PL"},{"@type":"WebSite","@id":"https:\/\/slubstasiak.pl\/#website","url":"https:\/\/slubstasiak.pl\/","name":"\u015alub Kingi i Sebastiana","description":"","potentialAction":[{"@type":"SearchAction","target":{"@type":"EntryPoint","urlTemplate":"https:\/\/slubstasiak.pl\/?s={search_term_string}"},"query-input":{"@type":"PropertyValueSpecification","valueRequired":true,"valueName":"search_term_string"}}],"inLanguage":"pl-PL"}]}},"_links":{"self":[{"href":"https:\/\/slubstasiak.pl\/index.php\/wp-json\/wp\/v2\/pages\/1944","targetHints":{"allow":["GET"]}}],"collection":[{"href":"https:\/\/slubstasiak.pl\/index.php\/wp-json\/wp\/v2\/pages"}],"about":[{"href":"https:\/\/slubstasiak.pl\/index.php\/wp-json\/wp\/v2\/types\/page"}],"author":[{"embeddable":true,"href":"https:\/\/slubstasiak.pl\/index.php\/wp-json\/wp\/v2\/users\/1"}],"replies":[{"embeddable":true,"href":"https:\/\/slubstasiak.pl\/index.php\/wp-json\/wp\/v2\/comments?post=1944"}],"version-history":[{"count":76,"href":"https:\/\/slubstasiak.pl\/index.php\/wp-json\/wp\/v2\/pages\/1944\/revisions"}],"predecessor-version":[{"id":2129,"href":"https:\/\/slubstasiak.pl\/index.php\/wp-json\/wp\/v2\/pages\/1944\/revisions\/2129"}],"wp:featuredmedia":[{"embeddable":true,"href":"https:\/\/slubstasiak.pl\/index.php\/wp-json\/wp\/v2\/media\/214"}],"wp:attachment":[{"href":"https:\/\/slubstasiak.pl\/index.php\/wp-json\/wp\/v2\/media?parent=1944"}],"curies":[{"name":"wp","href":"https:\/\/api.w.org\/{rel}","templated":true}]}}